{"id":92,"date":"2022-06-26T14:08:33","date_gmt":"2022-06-26T14:08:33","guid":{"rendered":"https:\/\/kognitivterapijaniingemann.dk\/?page_id=92"},"modified":"2022-09-15T10:07:55","modified_gmt":"2022-09-15T10:07:55","slug":"foraeldre","status":"publish","type":"page","link":"https:\/\/kognitivterapijaniingemann.dk\/?page_id=92","title":{"rendered":"For\u00e6ldre"},"content":{"rendered":"\r\n<p>Er du for\u00e6lder til et barn, der mistrives eller har f\u00e5et stillet en diagnose?<\/p>\r\n\r\n\r\n\r\n<p>Er man for\u00e6lder til et barn, der har angst, er trist, eller har andre psykiske vanskeligheder, kan man bl.a. opleve tvivl, d\u00e5rlig samvittighed og usikkerhed. Kunne jeg have forebygget det? Jeg burde have set det f\u00f8r! Hvad nu med uddannelse? Hvilke krav og forventninger kan jeg have? Er vores liv nu forandret for altid?\u00a0<\/p>\r\n\r\n\r\n\r\n<p>S\u00e5danne sp\u00f8rgsm\u00e5l og alle mulige andre kan nemt melde sig. Kognitiv terapi er en yderst handlingsorienteret terapi, hvor man f\u00e5r mulighed for at arbejde med p\u00e5virkning af tanker og adf\u00e6rd til en mere hj\u00e6lpsom og givende tilgang. Og at \u201dkunne g\u00f8re noget\u201d, kan v\u00e6re yderst lindrende i en sorg-\/krise-tilstand. Andre gange har man mest af alt brug for at tale med en, som kan forst\u00e5 de udfordringer, man st\u00e5r over for &#8211; og som ogs\u00e5 kan give et praktisk r\u00e5d eller flere.\u00a0 Du kan m\u00e5ske have brug for redskaber til fortsat at m\u00f8de jeres barn p\u00e5 den mest trivselskabende m\u00e5de. Jeg ved hvor forskelligt hver familie bliver ramt, og hvor meget det betyder, at kunne skr\u00e6ddersy et tilbud til netop dig og din familie. Dette vil ske i \u00e5ben dialog med dig.\u00a0<\/p>\r\n<p>Hvis du har et barn, som mistrives, vi vil som udgangspunkt tale sammen; en eller begge for\u00e6ldre, barnet og jeg. Hvis der er behov for det, kan barnet og jeg have samtaler alene &#8211; eller jeg kan have samtaler alene med dig\/jer som for\u00e6ldre fra begyndelsen af. Vi vil typisk tale sammen herom over telefonen eller til de f\u00f8rste samaler.\u00a0<\/p>\r\n<p>&nbsp;<\/p>\r\n<p>&nbsp;<\/p>\r\n","protected":false},"excerpt":{"rendered":"<p>Er du for\u00e6lder til et barn, der mistrives eller har f\u00e5et stillet en diagnose? Er man for\u00e6lder til et barn, der har angst, er trist, eller har andre psykiske vanskeligheder, kan man bl.a. opleve tvivl, d\u00e5rlig samvittighed og usikkerhed. Kunne jeg have forebygget det? Jeg burde have set det f\u00f8r! Hvad nu med uddannelse? Hvilke &hellip; <a href=\"https:\/\/kognitivterapijaniingemann.dk\/?page_id=92\" class=\"more-link\">L\u00e6s mere <span class=\"screen-reader-text\">For\u00e6ldre<\/span><\/a><\/p>\n","protected":false},"author":1,"featured_media":0,"parent":0,"menu_order":0,"comment_status":"closed","ping_status":"closed","template":"","meta":{"footnotes":""},"class_list":["post-92","page","type-page","status-publish","hentry"],"_links":{"self":[{"href":"https:\/\/kognitivterapijaniingemann.dk\/index.php?rest_route=\/wp\/v2\/pages\/92","targetHints":{"allow":["GET"]}}],"collection":[{"href":"https:\/\/kognitivterapijaniingemann.dk\/index.php?rest_route=\/wp\/v2\/pages"}],"about":[{"href":"https:\/\/kognitivterapijaniingemann.dk\/index.php?rest_route=\/wp\/v2\/types\/page"}],"author":[{"embeddable":true,"href":"https:\/\/kognitivterapijaniingemann.dk\/index.php?rest_route=\/wp\/v2\/users\/1"}],"replies":[{"embeddable":true,"href":"https:\/\/kognitivterapijaniingemann.dk\/index.php?rest_route=%2Fwp%2Fv2%2Fcomments&post=92"}],"version-history":[{"count":5,"href":"https:\/\/kognitivterapijaniingemann.dk\/index.php?rest_route=\/wp\/v2\/pages\/92\/revisions"}],"predecessor-version":[{"id":269,"href":"https:\/\/kognitivterapijaniingemann.dk\/index.php?rest_route=\/wp\/v2\/pages\/92\/revisions\/269"}],"wp:attachment":[{"href":"https:\/\/kognitivterapijaniingemann.dk\/index.php?rest_route=%2Fwp%2Fv2%2Fmedia&parent=92"}],"curies":[{"name":"wp","href":"https:\/\/api.w.org\/{rel}","templated":true}]}}